{"id":8257,"date":"2021-09-29T13:15:31","date_gmt":"2021-09-29T11:15:31","guid":{"rendered":"https:\/\/www.ubuntuworld.shop\/produkt\/import-placeholder-for-5595356\/"},"modified":"2024-09-02T09:46:09","modified_gmt":"2024-09-02T07:46:09","slug":"abc-wax-henna-floral","status":"publish","type":"product","link":"https:\/\/www.ubuntuworld.shop\/en\/produkt\/abc-wax-henna-floral\/","title":{"rendered":"ABC Wax &#8211; Henna Floral"},"content":{"rendered":"<p>Wax Prints sind die klassischen bunten Stoffe mit den charakteristischen Wachsblasen im Muster, an die jeder denkt, wenn es um afrikanische Stoffe geht. Ihre gleichbleibende Farbintensit\u00e4t auf beiden Seiten machen sie so einzigartig. Wir arbeiten mit einem der letzten afrikanischen Hersteller der Stoffe zusammen, der auf jahrzehntelange Erfahrung zur\u00fcckgreift. Das zeigt sich vor allem in der hochwertigen Qualit\u00e4t. Im Herstellungsverfahren werden auf Premium-Baumwollstoffe mit Hilfe von Wachsschablonen gro\u00df fl\u00e4chige, geometrische oder auch filigrane Muster gedruckt. So entstehen die eindrucksvollen Stoffe die den gesamten Kontinent so sch\u00f6n bunt machen.<\/p>\n","protected":false},"excerpt":{"rendered":"<p><b>&#8220;The Art of Africa&#8221;. Originaler Wax Print Stoff aus einer der letzten Produktionen Afrikas. Jahrzehntelange Erfahrung im Umgang mit dieser Textilherstellung ergeben nicht nur einzigartige Muster, sondern eine ebenso hochwertige Qualit\u00e4t.<\/b><\/p>\n<p><em>Erh\u00e4ltlich ab einer Einheit von 0,5 Meter. Bitte gew\u00fcnschte Anzahl an 0,5 m Einheiten in den Warenkorb legen. Einheiten werden am St\u00fcck geliefert.<\/em><\/p>\n<ul>\n<li>Herkunft: Ghana<\/li>\n<li>Material: leichte Baumwolle (100%)<\/li>\n<li>Breite: 120 cm<\/li>\n<li>Gewicht: ca. 138 g\/m2 (ungewaschen)<\/li>\n<li>SocialSur+: Mindestens 1,00 \u20ac pro verkauften Laufmeter spenden wir an&nbsp;<a href=\"https:\/\/truefabrics.de\/ueber-uns\/socialsur-projekte\/\" target=\"_blank\" rel=\"noopener noreferrer\">Hilfsprojekte<\/a>.<\/li>\n<\/ul>\n<p><a href=\"https:\/\/truefabrics.de\/true-story\/lieferanten\/\">Lieferanten kennenlernen.<\/a><br \/>\n<a href=\"https:\/\/truefabrics.de\/true-story\/lieferanten\/\"><img loading=\"lazy\" class=\"alignnone size-thumbnail wp-image-5587569\" src=\"https:\/\/truefabrics.de\/wp-content\/uploads\/2018\/02\/annie-spratt-427342-150x150.jpg\" alt=\"\" width=\"150\" height=\"150\"><\/a><\/p>\n<p><a href=\"https:\/\/truefabrics.de\/deliveryinfo\/\" target=\"_blank\" rel=\"noopener\">2-3 Tage Lieferzeit<\/a><\/p>\n","protected":false},"featured_media":8446,"comment_status":"open","ping_status":"closed","template":"","meta":[],"brands":[],"yoast_head":"<!-- This site is optimized with the Yoast SEO plugin v15.5 - https:\/\/yoast.com\/wordpress\/plugins\/seo\/ -->\n<title>ABC Wax - Henna Floral - Ubuntu World<\/title>\n<meta name=\"robots\" content=\"index, follow, max-snippet:-1, max-image-preview:large, max-video-preview:-1\" \/>\n<link rel=\"canonical\" href=\"https:\/\/www.ubuntuworld.shop\/en\/produkt\/abc-wax-henna-floral\/\" \/>\n<meta property=\"og:locale\" content=\"en_US\" \/>\n<meta property=\"og:type\" content=\"article\" \/>\n<meta property=\"og:title\" content=\"ABC Wax - Henna Floral - Ubuntu World\" \/>\n<meta property=\"og:description\" content=\"&quot;The Art of Africa&quot;. Originaler Wax Print Stoff aus einer der letzten Produktionen Afrikas. Jahrzehntelange Erfahrung im Umgang mit dieser Textilherstellung ergeben nicht nur einzigartige Muster, sondern eine ebenso hochwertige Qualit\u00e4t.  Erh\u00e4ltlich ab einer Einheit von 0,5 Meter. Bitte gew\u00fcnschte Anzahl an 0,5 m Einheiten in den Warenkorb legen. Einheiten werden am St\u00fcck geliefert.   Herkunft: Ghana  Material: leichte Baumwolle (100%)  Breite: 120 cm  Gewicht: ca. 138 g\/m2 (ungewaschen)  SocialSur+: Mindestens 1,00 \u20ac pro verkauften Laufmeter spenden wir an&nbsp;Hilfsprojekte.  Lieferanten kennenlernen.   2-3 Tage Lieferzeit\" \/>\n<meta property=\"og:url\" content=\"https:\/\/www.ubuntuworld.shop\/produkt\/abc-wax-henna-floral\/\" \/>\n<meta property=\"og:site_name\" content=\"Ubuntu World\" \/>\n<meta property=\"article:publisher\" content=\"https:\/\/www.facebook.com\/UbuntuWorldMarketplace\" \/>\n<meta property=\"article:modified_time\" content=\"2024-09-02T07:46:09+00:00\" \/>\n<meta property=\"og:image\" content=\"https:\/\/www.ubuntuworld.shop\/wp-content\/uploads\/2021\/09\/GHWP-123_Henna_Floral_01.jpg\" \/>\n\t<meta property=\"og:image:width\" content=\"2048\" \/>\n\t<meta property=\"og:image:height\" content=\"1367\" \/>\n<meta name=\"twitter:card\" content=\"summary_large_image\" \/>\n<meta name=\"twitter:label1\" content=\"Est. reading time\">\n\t<meta name=\"twitter:data1\" content=\"0 minutes\">\n<script type=\"application\/ld+json\" class=\"yoast-schema-graph\">{\"@context\":\"https:\/\/schema.org\",\"@graph\":[{\"@type\":\"Organization\",\"@id\":\"https:\/\/www.ubuntuworld.shop\/en\/#organization\",\"name\":\"Ubuntu World\",\"url\":\"https:\/\/www.ubuntuworld.shop\/en\/\",\"sameAs\":[\"https:\/\/www.facebook.com\/UbuntuWorldMarketplace\",\"https:\/\/www.instagram.com\/ubuntuworldmarketplace\/\",\"https:\/\/www.youtube.com\/channel\/UCA-NDazMcw_Syi44JyHnyRw\"],\"logo\":{\"@type\":\"ImageObject\",\"@id\":\"https:\/\/www.ubuntuworld.shop\/en\/#logo\",\"inLanguage\":\"en-US\",\"url\":\"https:\/\/www.ubuntuworld.shop\/wp-content\/uploads\/2019\/11\/ubuntu-world-logo-wc.svg\",\"width\":603,\"height\":344,\"caption\":\"Ubuntu World\"},\"image\":{\"@id\":\"https:\/\/www.ubuntuworld.shop\/en\/#logo\"}},{\"@type\":\"WebSite\",\"@id\":\"https:\/\/www.ubuntuworld.shop\/en\/#website\",\"url\":\"https:\/\/www.ubuntuworld.shop\/en\/\",\"name\":\"Ubuntu World\",\"description\":\"Marketplace for African Products\",\"publisher\":{\"@id\":\"https:\/\/www.ubuntuworld.shop\/en\/#organization\"},\"potentialAction\":[{\"@type\":\"SearchAction\",\"target\":\"https:\/\/www.ubuntuworld.shop\/en\/?s={search_term_string}\",\"query-input\":\"required name=search_term_string\"}],\"inLanguage\":\"en-US\"},{\"@type\":\"ImageObject\",\"@id\":\"https:\/\/www.ubuntuworld.shop\/produkt\/abc-wax-henna-floral\/#primaryimage\",\"inLanguage\":\"en-US\",\"url\":\"https:\/\/www.ubuntuworld.shop\/wp-content\/uploads\/2021\/09\/GHWP-123_Henna_Floral_01.jpg\",\"width\":2048,\"height\":1367},{\"@type\":\"WebPage\",\"@id\":\"https:\/\/www.ubuntuworld.shop\/produkt\/abc-wax-henna-floral\/#webpage\",\"url\":\"https:\/\/www.ubuntuworld.shop\/produkt\/abc-wax-henna-floral\/\",\"name\":\"ABC Wax - Henna Floral - Ubuntu World\",\"isPartOf\":{\"@id\":\"https:\/\/www.ubuntuworld.shop\/en\/#website\"},\"primaryImageOfPage\":{\"@id\":\"https:\/\/www.ubuntuworld.shop\/produkt\/abc-wax-henna-floral\/#primaryimage\"},\"datePublished\":\"2021-09-29T11:15:31+00:00\",\"dateModified\":\"2024-09-02T07:46:09+00:00\",\"inLanguage\":\"en-US\",\"potentialAction\":[{\"@type\":\"ReadAction\",\"target\":[\"https:\/\/www.ubuntuworld.shop\/produkt\/abc-wax-henna-floral\/\"]}]}]}<\/script>\n<!-- \/ Yoast SEO plugin. -->","_links":{"self":[{"href":"https:\/\/www.ubuntuworld.shop\/en\/wp-json\/wp\/v2\/product\/8257"}],"collection":[{"href":"https:\/\/www.ubuntuworld.shop\/en\/wp-json\/wp\/v2\/product"}],"about":[{"href":"https:\/\/www.ubuntuworld.shop\/en\/wp-json\/wp\/v2\/types\/product"}],"replies":[{"embeddable":true,"href":"https:\/\/www.ubuntuworld.shop\/en\/wp-json\/wp\/v2\/comments?post=8257"}],"wp:featuredmedia":[{"embeddable":true,"href":"https:\/\/www.ubuntuworld.shop\/en\/wp-json\/wp\/v2\/media\/8446"}],"wp:attachment":[{"href":"https:\/\/www.ubuntuworld.shop\/en\/wp-json\/wp\/v2\/media?parent=8257"}],"curies":[{"name":"wp","href":"https:\/\/api.w.org\/{rel}","templated":true}]}}