{"id":8230,"date":"2021-09-29T13:13:51","date_gmt":"2021-09-29T11:13:51","guid":{"rendered":"https:\/\/www.ubuntuworld.shop\/produkt\/import-placeholder-for-5595338\/"},"modified":"2025-09-09T16:36:35","modified_gmt":"2025-09-09T14:36:35","slug":"fancy-print-fire-maple","status":"publish","type":"product","link":"https:\/\/www.ubuntuworld.shop\/en\/produkt\/fancy-print-fire-maple\/","title":{"rendered":"Fancy Print &#8211; Fire Maple"},"content":{"rendered":"<p>Bunte, strahlende Farben und kunstvolle Muster: Das sind unsere originalen Fancy Prints aus Ghana. Die Stoffe werden aus hochwertiger und reiner Baumwolle hergestellt. Sie sind 100% &#8220;made in Ghana&#8221;, denn vom Spinnen der Grundstoffe bis zum Druck kommt hier alles aus einer Hand. Die jahrzehntelange Erfahrung unseres Lieferanten in der Produktion zeigt sich nicht zuletzt in der Wertigkeit der Stoffe. Die au\u00dfergew\u00f6hnlichen Muster sind einzigartig und doch vielseitig. So vereint die wohl farbenfroheste Textilkunst des afrikanischen Kontinents Tradition mit zeitgen\u00f6ssischem Design.<\/p>\n","protected":false},"excerpt":{"rendered":"<p><strong>Wunderwolle geometrische Muster und pr\u00e4chtige Farben vereinen die traditionsreichen Fancy Prints. Sie stammen aus einer der letzten afrikanischen Produktionen in Ghana und werden direkt vom Hersteller zu uns geliefert.<\/strong><\/p>\n<p><em>Erh\u00e4ltlich ab einer Einheit von 0,5 Meter. Bitte gew\u00fcnschte Anzahl an 0,5 m Einheiten in den Warenkorb legen. Einheiten werden am St\u00fcck geliefert.<\/em><\/p>\n<ul>\n<li>Herkunft: Ghana<\/li>\n<li>Material: leichte Baumwolle (100%)<\/li>\n<li>Breite: 115 cm<\/li>\n<li>Gewicht: ca. 138 g\/m2 (ungewaschen)<\/li>\n<li>SocialSur+: Mindestens 1,00 \u20ac pro verkauften Laufmeter spenden wir an&nbsp;<a href=\"https:\/\/truefabrics.de\/ueber-uns\/socialsur-projekte\/\" target=\"_blank\" rel=\"noopener noreferrer\">Hilfsprojekte<\/a>.<\/li>\n<\/ul>\n<p><a href=\"https:\/\/truefabrics.de\/true-story\/lieferanten\/\">Lieferanten kennenlernen.<\/a><br \/>\n<a href=\"https:\/\/truefabrics.de\/true-story\/lieferanten\/\"><img loading=\"lazy\" class=\"alignnone size-thumbnail wp-image-5587569\" src=\"https:\/\/truefabrics.de\/wp-content\/uploads\/2018\/02\/annie-spratt-427342-150x150.jpg\" alt=\"\" width=\"150\" height=\"150\"><\/a><\/p>\n<p><a href=\"https:\/\/truefabrics.de\/deliveryinfo\/\" target=\"_blank\" rel=\"noopener\">2-3 Tage Lieferzeit<\/a><\/p>\n","protected":false},"featured_media":8422,"comment_status":"open","ping_status":"closed","template":"","meta":[],"brands":[],"yoast_head":"<!-- This site is optimized with the Yoast SEO plugin v15.5 - https:\/\/yoast.com\/wordpress\/plugins\/seo\/ -->\n<title>Fancy Print - Fire Maple - Ubuntu World<\/title>\n<meta name=\"robots\" content=\"index, follow, max-snippet:-1, max-image-preview:large, max-video-preview:-1\" \/>\n<link rel=\"canonical\" href=\"https:\/\/www.ubuntuworld.shop\/en\/produkt\/fancy-print-fire-maple\/\" \/>\n<meta property=\"og:locale\" content=\"en_US\" \/>\n<meta property=\"og:type\" content=\"article\" \/>\n<meta property=\"og:title\" content=\"Fancy Print - Fire Maple - Ubuntu World\" \/>\n<meta property=\"og:description\" content=\"Wunderwolle geometrische Muster und pr\u00e4chtige Farben vereinen die traditionsreichen Fancy Prints. Sie stammen aus einer der letzten afrikanischen Produktionen in Ghana und werden direkt vom Hersteller zu uns geliefert.  Erh\u00e4ltlich ab einer Einheit von 0,5 Meter. Bitte gew\u00fcnschte Anzahl an 0,5 m Einheiten in den Warenkorb legen. Einheiten werden am St\u00fcck geliefert.   Herkunft: Ghana  Material: leichte Baumwolle (100%)  Breite: 115 cm  Gewicht: ca. 138 g\/m2 (ungewaschen)  SocialSur+: Mindestens 1,00 \u20ac pro verkauften Laufmeter spenden wir an&nbsp;Hilfsprojekte.  Lieferanten kennenlernen.   2-3 Tage Lieferzeit\" \/>\n<meta property=\"og:url\" content=\"https:\/\/www.ubuntuworld.shop\/produkt\/fancy-print-fire-maple\/\" \/>\n<meta property=\"og:site_name\" content=\"Ubuntu World\" \/>\n<meta property=\"article:publisher\" content=\"https:\/\/www.facebook.com\/UbuntuWorldMarketplace\" \/>\n<meta property=\"article:modified_time\" content=\"2025-09-09T14:36:35+00:00\" \/>\n<meta property=\"og:image\" content=\"https:\/\/www.ubuntuworld.shop\/wp-content\/uploads\/2021\/09\/GHFP-120_Fire_Marple_01.jpg\" \/>\n\t<meta property=\"og:image:width\" content=\"2048\" \/>\n\t<meta property=\"og:image:height\" content=\"1367\" \/>\n<meta name=\"twitter:card\" content=\"summary_large_image\" \/>\n<meta name=\"twitter:label1\" content=\"Est. reading time\">\n\t<meta name=\"twitter:data1\" content=\"0 minutes\">\n<script type=\"application\/ld+json\" class=\"yoast-schema-graph\">{\"@context\":\"https:\/\/schema.org\",\"@graph\":[{\"@type\":\"Organization\",\"@id\":\"https:\/\/www.ubuntuworld.shop\/en\/#organization\",\"name\":\"Ubuntu World\",\"url\":\"https:\/\/www.ubuntuworld.shop\/en\/\",\"sameAs\":[\"https:\/\/www.facebook.com\/UbuntuWorldMarketplace\",\"https:\/\/www.instagram.com\/ubuntuworldmarketplace\/\",\"https:\/\/www.youtube.com\/channel\/UCA-NDazMcw_Syi44JyHnyRw\"],\"logo\":{\"@type\":\"ImageObject\",\"@id\":\"https:\/\/www.ubuntuworld.shop\/en\/#logo\",\"inLanguage\":\"en-US\",\"url\":\"https:\/\/www.ubuntuworld.shop\/wp-content\/uploads\/2019\/11\/ubuntu-world-logo-wc.svg\",\"width\":603,\"height\":344,\"caption\":\"Ubuntu World\"},\"image\":{\"@id\":\"https:\/\/www.ubuntuworld.shop\/en\/#logo\"}},{\"@type\":\"WebSite\",\"@id\":\"https:\/\/www.ubuntuworld.shop\/en\/#website\",\"url\":\"https:\/\/www.ubuntuworld.shop\/en\/\",\"name\":\"Ubuntu World\",\"description\":\"Marketplace for African Products\",\"publisher\":{\"@id\":\"https:\/\/www.ubuntuworld.shop\/en\/#organization\"},\"potentialAction\":[{\"@type\":\"SearchAction\",\"target\":\"https:\/\/www.ubuntuworld.shop\/en\/?s={search_term_string}\",\"query-input\":\"required name=search_term_string\"}],\"inLanguage\":\"en-US\"},{\"@type\":\"ImageObject\",\"@id\":\"https:\/\/www.ubuntuworld.shop\/produkt\/fancy-print-fire-maple\/#primaryimage\",\"inLanguage\":\"en-US\",\"url\":\"https:\/\/www.ubuntuworld.shop\/wp-content\/uploads\/2021\/09\/GHFP-120_Fire_Marple_01.jpg\",\"width\":2048,\"height\":1367},{\"@type\":\"WebPage\",\"@id\":\"https:\/\/www.ubuntuworld.shop\/produkt\/fancy-print-fire-maple\/#webpage\",\"url\":\"https:\/\/www.ubuntuworld.shop\/produkt\/fancy-print-fire-maple\/\",\"name\":\"Fancy Print - Fire Maple - Ubuntu World\",\"isPartOf\":{\"@id\":\"https:\/\/www.ubuntuworld.shop\/en\/#website\"},\"primaryImageOfPage\":{\"@id\":\"https:\/\/www.ubuntuworld.shop\/produkt\/fancy-print-fire-maple\/#primaryimage\"},\"datePublished\":\"2021-09-29T11:13:51+00:00\",\"dateModified\":\"2025-09-09T14:36:35+00:00\",\"inLanguage\":\"en-US\",\"potentialAction\":[{\"@type\":\"ReadAction\",\"target\":[\"https:\/\/www.ubuntuworld.shop\/produkt\/fancy-print-fire-maple\/\"]}]}]}<\/script>\n<!-- \/ Yoast SEO plugin. -->","_links":{"self":[{"href":"https:\/\/www.ubuntuworld.shop\/en\/wp-json\/wp\/v2\/product\/8230"}],"collection":[{"href":"https:\/\/www.ubuntuworld.shop\/en\/wp-json\/wp\/v2\/product"}],"about":[{"href":"https:\/\/www.ubuntuworld.shop\/en\/wp-json\/wp\/v2\/types\/product"}],"replies":[{"embeddable":true,"href":"https:\/\/www.ubuntuworld.shop\/en\/wp-json\/wp\/v2\/comments?post=8230"}],"wp:featuredmedia":[{"embeddable":true,"href":"https:\/\/www.ubuntuworld.shop\/en\/wp-json\/wp\/v2\/media\/8422"}],"wp:attachment":[{"href":"https:\/\/www.ubuntuworld.shop\/en\/wp-json\/wp\/v2\/media?parent=8230"}],"curies":[{"name":"wp","href":"https:\/\/api.w.org\/{rel}","templated":true}]}}