{"id":8096,"date":"2021-09-29T13:05:31","date_gmt":"2021-09-29T11:05:31","guid":{"rendered":"https:\/\/www.ubuntuworld.shop\/produkt\/import-placeholder-for-ghkt106\/"},"modified":"2026-03-21T16:39:02","modified_gmt":"2026-03-21T15:39:02","slug":"kente-lamina","status":"publish","type":"product","link":"https:\/\/www.ubuntuworld.shop\/en\/produkt\/kente-lamina\/","title":{"rendered":"Kente Baumwollstoff &#8211; Lamina"},"content":{"rendered":"<p>Bunte, strahlende Farben und symboltr\u00e4chtige geometrische Muster: Das sind unsere originalen Kente Stoffe aus Ghana. Die Stoffe werden aus hochwertiger und reiner Baumwolle hergestellt. Sie sind 100% &#8220;made in Ghana&#8221;, denn vom Spinnen der Grundstoffe bis zum Druck kommt hier alles aus einer Hand. Die jahrzehntelange Erfahrung unseres Lieferanten in der Produktion zeigt sich nicht zuletzt in der Wertigkeit der Stoffe.<\/p>\n<p>Kente Stoffe haben ihren Ursprung in Westafrika und werden dort den Akanv\u00f6lker und Ewe zugeschrieben. Die Gew\u00e4nder aus den Stoffen durften fr\u00fcher nur von K\u00f6nigen getragen werden. Bis heute nehmen Kente Stoffe einen wichtigen Platz in der in der Kultur Ghanas und der Elfenbeink\u00fcste ein.<\/p>\n","protected":false},"excerpt":{"rendered":"<p><strong>Symbolbeladene geometrische Muster und pr\u00e4chtige Farben, vereinen diese traditionsreichen Kente Stoffe. Sie stammen aus einer der letzten afrikanischen Produktionen in Ghana und werden direkt vom Hersteller zu uns geliefert.<\/strong><\/p>\n<p><em>Erh\u00e4ltlich ab einer Einheit von 0,5 Meter. Bitte gew\u00fcnschte Anzahl an 0,5 m Einheiten in den Warenkorb legen. Einheiten werden am St\u00fcck geliefert.<\/em><\/p>\n<ul>\n<li>Herkunft: Ghana<\/li>\n<li>Material: leichte Baumwolle (100%)<\/li>\n<li>Breite: 117 cm<\/li>\n<li>Gewicht: ca. 138 g\/m2 (ungewaschen)<\/li>\n<li>SocialSur+: Mindestens 1,00 \u20ac pro verkauften Laufmeter spenden wir an&nbsp;<a href=\"https:\/\/truefabrics.de\/ueber-uns\/socialsur-projekte\/\" target=\"_blank\" rel=\"noopener noreferrer\">Hilfsprojekte<\/a>.<\/li>\n<\/ul>\n<p><a href=\"https:\/\/truefabrics.de\/true-story\/lieferanten\/\">Lieferanten kennenlernen.<\/a><br \/>\n<a href=\"https:\/\/truefabrics.de\/true-story\/lieferanten\/\"><img loading=\"lazy\" class=\"alignnone size-thumbnail wp-image-5587569\" src=\"https:\/\/truefabrics.de\/wp-content\/uploads\/2018\/02\/annie-spratt-427342-150x150.jpg\" alt=\"\" width=\"150\" height=\"150\"><\/a><\/p>\n<p><a href=\"https:\/\/truefabrics.de\/deliveryinfo\/\" target=\"_blank\" rel=\"noopener\">2-3 Tage Lieferzeit<\/a><\/p>\n","protected":false},"featured_media":8314,"comment_status":"open","ping_status":"closed","template":"","meta":[],"brands":[],"yoast_head":"<!-- This site is optimized with the Yoast SEO plugin v15.5 - https:\/\/yoast.com\/wordpress\/plugins\/seo\/ -->\n<title>Kente Baumwollstoff - Lamina - Ubuntu World<\/title>\n<meta name=\"robots\" content=\"index, follow, max-snippet:-1, max-image-preview:large, max-video-preview:-1\" \/>\n<link rel=\"canonical\" href=\"https:\/\/www.ubuntuworld.shop\/en\/produkt\/kente-lamina\/\" \/>\n<meta property=\"og:locale\" content=\"en_US\" \/>\n<meta property=\"og:type\" content=\"article\" \/>\n<meta property=\"og:title\" content=\"Kente Baumwollstoff - Lamina - Ubuntu World\" \/>\n<meta property=\"og:description\" content=\"Symbolbeladene geometrische Muster und pr\u00e4chtige Farben, vereinen diese traditionsreichen Kente Stoffe. Sie stammen aus einer der letzten afrikanischen Produktionen in Ghana und werden direkt vom Hersteller zu uns geliefert.  Erh\u00e4ltlich ab einer Einheit von 0,5 Meter. Bitte gew\u00fcnschte Anzahl an 0,5 m Einheiten in den Warenkorb legen. Einheiten werden am St\u00fcck geliefert.   Herkunft: Ghana  Material: leichte Baumwolle (100%)  Breite: 117 cm  Gewicht: ca. 138 g\/m2 (ungewaschen)  SocialSur+: Mindestens 1,00 \u20ac pro verkauften Laufmeter spenden wir an&nbsp;Hilfsprojekte.  Lieferanten kennenlernen.   2-3 Tage Lieferzeit\" \/>\n<meta property=\"og:url\" content=\"https:\/\/www.ubuntuworld.shop\/produkt\/kente-lamina\/\" \/>\n<meta property=\"og:site_name\" content=\"Ubuntu World\" \/>\n<meta property=\"article:publisher\" content=\"https:\/\/www.facebook.com\/UbuntuWorldMarketplace\" \/>\n<meta property=\"article:modified_time\" content=\"2026-03-21T15:39:02+00:00\" \/>\n<meta property=\"og:image\" content=\"https:\/\/www.ubuntuworld.shop\/wp-content\/uploads\/2021\/09\/GHKT-106_Lamina_1.jpg\" \/>\n\t<meta property=\"og:image:width\" content=\"2048\" \/>\n\t<meta property=\"og:image:height\" content=\"1367\" \/>\n<meta name=\"twitter:card\" content=\"summary_large_image\" \/>\n<meta name=\"twitter:label1\" content=\"Est. reading time\">\n\t<meta name=\"twitter:data1\" content=\"0 minutes\">\n<script type=\"application\/ld+json\" class=\"yoast-schema-graph\">{\"@context\":\"https:\/\/schema.org\",\"@graph\":[{\"@type\":\"Organization\",\"@id\":\"https:\/\/www.ubuntuworld.shop\/en\/#organization\",\"name\":\"Ubuntu World\",\"url\":\"https:\/\/www.ubuntuworld.shop\/en\/\",\"sameAs\":[\"https:\/\/www.facebook.com\/UbuntuWorldMarketplace\",\"https:\/\/www.instagram.com\/ubuntuworldmarketplace\/\",\"https:\/\/www.youtube.com\/channel\/UCA-NDazMcw_Syi44JyHnyRw\"],\"logo\":{\"@type\":\"ImageObject\",\"@id\":\"https:\/\/www.ubuntuworld.shop\/en\/#logo\",\"inLanguage\":\"en-US\",\"url\":\"https:\/\/www.ubuntuworld.shop\/wp-content\/uploads\/2019\/11\/ubuntu-world-logo-wc.svg\",\"width\":603,\"height\":344,\"caption\":\"Ubuntu World\"},\"image\":{\"@id\":\"https:\/\/www.ubuntuworld.shop\/en\/#logo\"}},{\"@type\":\"WebSite\",\"@id\":\"https:\/\/www.ubuntuworld.shop\/en\/#website\",\"url\":\"https:\/\/www.ubuntuworld.shop\/en\/\",\"name\":\"Ubuntu World\",\"description\":\"Marketplace for African Products\",\"publisher\":{\"@id\":\"https:\/\/www.ubuntuworld.shop\/en\/#organization\"},\"potentialAction\":[{\"@type\":\"SearchAction\",\"target\":\"https:\/\/www.ubuntuworld.shop\/en\/?s={search_term_string}\",\"query-input\":\"required name=search_term_string\"}],\"inLanguage\":\"en-US\"},{\"@type\":\"ImageObject\",\"@id\":\"https:\/\/www.ubuntuworld.shop\/produkt\/kente-lamina\/#primaryimage\",\"inLanguage\":\"en-US\",\"url\":\"https:\/\/www.ubuntuworld.shop\/wp-content\/uploads\/2021\/09\/GHKT-106_Lamina_1.jpg\",\"width\":2048,\"height\":1367},{\"@type\":\"WebPage\",\"@id\":\"https:\/\/www.ubuntuworld.shop\/produkt\/kente-lamina\/#webpage\",\"url\":\"https:\/\/www.ubuntuworld.shop\/produkt\/kente-lamina\/\",\"name\":\"Kente Baumwollstoff - Lamina - Ubuntu World\",\"isPartOf\":{\"@id\":\"https:\/\/www.ubuntuworld.shop\/en\/#website\"},\"primaryImageOfPage\":{\"@id\":\"https:\/\/www.ubuntuworld.shop\/produkt\/kente-lamina\/#primaryimage\"},\"datePublished\":\"2021-09-29T11:05:31+00:00\",\"dateModified\":\"2026-03-21T15:39:02+00:00\",\"inLanguage\":\"en-US\",\"potentialAction\":[{\"@type\":\"ReadAction\",\"target\":[\"https:\/\/www.ubuntuworld.shop\/produkt\/kente-lamina\/\"]}]}]}<\/script>\n<!-- \/ Yoast SEO plugin. -->","_links":{"self":[{"href":"https:\/\/www.ubuntuworld.shop\/en\/wp-json\/wp\/v2\/product\/8096"}],"collection":[{"href":"https:\/\/www.ubuntuworld.shop\/en\/wp-json\/wp\/v2\/product"}],"about":[{"href":"https:\/\/www.ubuntuworld.shop\/en\/wp-json\/wp\/v2\/types\/product"}],"replies":[{"embeddable":true,"href":"https:\/\/www.ubuntuworld.shop\/en\/wp-json\/wp\/v2\/comments?post=8096"}],"wp:featuredmedia":[{"embeddable":true,"href":"https:\/\/www.ubuntuworld.shop\/en\/wp-json\/wp\/v2\/media\/8314"}],"wp:attachment":[{"href":"https:\/\/www.ubuntuworld.shop\/en\/wp-json\/wp\/v2\/media?parent=8096"}],"curies":[{"name":"wp","href":"https:\/\/api.w.org\/{rel}","templated":true}]}}