{"id":7241,"date":"2021-08-24T21:35:10","date_gmt":"2021-08-24T19:35:10","guid":{"rendered":"https:\/\/www.ubuntuworld.shop\/produkt\/import-placeholder-for-5592057\/"},"modified":"2025-12-06T07:18:16","modified_gmt":"2025-12-06T06:18:16","slug":"blue-eyes","status":"publish","type":"product","link":"https:\/\/www.ubuntuworld.shop\/en\/produkt\/blue-eyes\/","title":{"rendered":"Blue Eyes"},"content":{"rendered":"<p>Shweshwe, das sind die bezaubernden Baumwollstoffe aus S\u00fcdafrika die f\u00fcr traditionelle Sotho (S\u00fcdafrika &amp; Lesotho) Kleidung verwendet wurde, wegen seiner zeitlosen Popularit\u00e4t heute aber auch als &#8220;Denim S\u00fcdafrikas&#8221; bezeichnet wird. Er verbindet kr\u00e4ftige Farben mit filigranen Designs. Die Shweshwe-Stoffe werden heute ausschlie?lich von der britisch-s\u00fcdafrikanischen Firma Da Gama-Textiles in Zwelitsha im Eastern Cape S\u00fcdafrikas hergestellt und genau wie fr\u00fcher mit dem traditionellen ?Blue Print? Kupferrollendruck produziert<\/p>\n","protected":false},"excerpt":{"rendered":"<p><strong>Einzigartiger Baumwollstoff mit traditionsreichen Designs. Shweshwe ist der &#8220;Denim S\u00fcdafrikas&#8221; und geh\u00f6rt zur kulturellen Identit\u00e4t des Landes. Die Stoffe kombinieren auf einzigartige Weise kr\u00e4ftige Farben mit feinen Mustern.<\/strong><\/p>\n<p><em>Erh\u00e4ltlich ab einer Einheit von 0,5 Meter. Bitte gew\u00fcnschte Anzahl an 0,5 m Einheiten in den Warenkorb legen. Einheiten werden am St\u00fcck geliefert.<\/em><\/p>\n<p>&#8211; Herkunft: S\u00fcdafrika<br \/>\n&#8211; Material: mittelschwere Baumwolle (100%)<br \/>\n&#8211; Breite: 85-90 cm<br \/>\n&#8211; Gewicht: 185 g\/m2 (nach W\u00e4sche)<br \/>\n&#8211; SocialSur+: 10% unseres Umsatzes spenden wir an <a href=\"https:\/\/truefabrics.de\/ueber-uns\/socialsur-projekte\/\" target=\"_blank\" rel=\"noopener noreferrer\">Hilfsprojekte<\/a>.<\/p>\n<p><a href=\"https:\/\/truefabrics.de\/true-story\/lieferanten\/\">Lieferanten kennenlernen.<\/a><br \/>\n<a href=\"https:\/\/truefabrics.de\/true-story\/lieferanten\/\"><img loading=\"lazy\" class=\"alignnone size-thumbnail wp-image-5587567\" src=\"https:\/\/truefabrics.de\/wp-content\/uploads\/2018\/02\/S\u00fcdafrika-150x150.jpg\" alt=\"\" width=\"150\" height=\"150\"><\/a><\/p>\n<h2>19,00 \u20ac \/ lfm<\/h2>\n<p><a href=\"https:\/\/truefabrics.de\/deliveryinfo\/\" target=\"_blank\" rel=\"noopener noreferrer\"><\/a><\/p>\n","protected":false},"featured_media":7470,"comment_status":"open","ping_status":"closed","template":"","meta":[],"brands":[],"yoast_head":"<!-- This site is optimized with the Yoast SEO plugin v15.5 - https:\/\/yoast.com\/wordpress\/plugins\/seo\/ -->\n<title>Blue Eyes - Ubuntu World<\/title>\n<meta name=\"robots\" content=\"index, follow, max-snippet:-1, max-image-preview:large, max-video-preview:-1\" \/>\n<link rel=\"canonical\" href=\"https:\/\/www.ubuntuworld.shop\/en\/produkt\/blue-eyes\/\" \/>\n<meta property=\"og:locale\" content=\"en_US\" \/>\n<meta property=\"og:type\" content=\"article\" \/>\n<meta property=\"og:title\" content=\"Blue Eyes - Ubuntu World\" \/>\n<meta property=\"og:description\" content=\"Einzigartiger Baumwollstoff mit traditionsreichen Designs. Shweshwe ist der &quot;Denim S\u00fcdafrikas&quot; und geh\u00f6rt zur kulturellen Identit\u00e4t des Landes. Die Stoffe kombinieren auf einzigartige Weise kr\u00e4ftige Farben mit feinen Mustern.  Erh\u00e4ltlich ab einer Einheit von 0,5 Meter. Bitte gew\u00fcnschte Anzahl an 0,5 m Einheiten in den Warenkorb legen. Einheiten werden am St\u00fcck geliefert.  - Herkunft: S\u00fcdafrika - Material: mittelschwere Baumwolle (100%) - Breite: 85-90 cm - Gewicht: 185 g\/m2 (nach W\u00e4sche) - SocialSur+: 10% unseres Umsatzes spenden wir an Hilfsprojekte.  Lieferanten kennenlernen.  19,00 \u20ac \/ lfm\" \/>\n<meta property=\"og:url\" content=\"https:\/\/www.ubuntuworld.shop\/produkt\/blue-eyes\/\" \/>\n<meta property=\"og:site_name\" content=\"Ubuntu World\" \/>\n<meta property=\"article:publisher\" content=\"https:\/\/www.facebook.com\/UbuntuWorldMarketplace\" \/>\n<meta property=\"article:modified_time\" content=\"2025-12-06T06:18:16+00:00\" \/>\n<meta property=\"og:image\" content=\"https:\/\/www.ubuntuworld.shop\/wp-content\/uploads\/2021\/08\/DSC00001.jpg\" \/>\n\t<meta property=\"og:image:width\" content=\"2048\" \/>\n\t<meta property=\"og:image:height\" content=\"1363\" \/>\n<meta name=\"twitter:card\" content=\"summary_large_image\" \/>\n<meta name=\"twitter:label1\" content=\"Est. reading time\">\n\t<meta name=\"twitter:data1\" content=\"0 minutes\">\n<script type=\"application\/ld+json\" class=\"yoast-schema-graph\">{\"@context\":\"https:\/\/schema.org\",\"@graph\":[{\"@type\":\"Organization\",\"@id\":\"https:\/\/www.ubuntuworld.shop\/en\/#organization\",\"name\":\"Ubuntu World\",\"url\":\"https:\/\/www.ubuntuworld.shop\/en\/\",\"sameAs\":[\"https:\/\/www.facebook.com\/UbuntuWorldMarketplace\",\"https:\/\/www.instagram.com\/ubuntuworldmarketplace\/\",\"https:\/\/www.youtube.com\/channel\/UCA-NDazMcw_Syi44JyHnyRw\"],\"logo\":{\"@type\":\"ImageObject\",\"@id\":\"https:\/\/www.ubuntuworld.shop\/en\/#logo\",\"inLanguage\":\"en-US\",\"url\":\"https:\/\/www.ubuntuworld.shop\/wp-content\/uploads\/2019\/11\/ubuntu-world-logo-wc.svg\",\"width\":603,\"height\":344,\"caption\":\"Ubuntu World\"},\"image\":{\"@id\":\"https:\/\/www.ubuntuworld.shop\/en\/#logo\"}},{\"@type\":\"WebSite\",\"@id\":\"https:\/\/www.ubuntuworld.shop\/en\/#website\",\"url\":\"https:\/\/www.ubuntuworld.shop\/en\/\",\"name\":\"Ubuntu World\",\"description\":\"Marketplace for African Products\",\"publisher\":{\"@id\":\"https:\/\/www.ubuntuworld.shop\/en\/#organization\"},\"potentialAction\":[{\"@type\":\"SearchAction\",\"target\":\"https:\/\/www.ubuntuworld.shop\/en\/?s={search_term_string}\",\"query-input\":\"required name=search_term_string\"}],\"inLanguage\":\"en-US\"},{\"@type\":\"ImageObject\",\"@id\":\"https:\/\/www.ubuntuworld.shop\/produkt\/blue-eyes\/#primaryimage\",\"inLanguage\":\"en-US\",\"url\":\"https:\/\/www.ubuntuworld.shop\/wp-content\/uploads\/2021\/08\/DSC00001.jpg\",\"width\":2048,\"height\":1363},{\"@type\":\"WebPage\",\"@id\":\"https:\/\/www.ubuntuworld.shop\/produkt\/blue-eyes\/#webpage\",\"url\":\"https:\/\/www.ubuntuworld.shop\/produkt\/blue-eyes\/\",\"name\":\"Blue Eyes - Ubuntu World\",\"isPartOf\":{\"@id\":\"https:\/\/www.ubuntuworld.shop\/en\/#website\"},\"primaryImageOfPage\":{\"@id\":\"https:\/\/www.ubuntuworld.shop\/produkt\/blue-eyes\/#primaryimage\"},\"datePublished\":\"2021-08-24T19:35:10+00:00\",\"dateModified\":\"2025-12-06T06:18:16+00:00\",\"inLanguage\":\"en-US\",\"potentialAction\":[{\"@type\":\"ReadAction\",\"target\":[\"https:\/\/www.ubuntuworld.shop\/produkt\/blue-eyes\/\"]}]}]}<\/script>\n<!-- \/ Yoast SEO plugin. -->","_links":{"self":[{"href":"https:\/\/www.ubuntuworld.shop\/en\/wp-json\/wp\/v2\/product\/7241"}],"collection":[{"href":"https:\/\/www.ubuntuworld.shop\/en\/wp-json\/wp\/v2\/product"}],"about":[{"href":"https:\/\/www.ubuntuworld.shop\/en\/wp-json\/wp\/v2\/types\/product"}],"replies":[{"embeddable":true,"href":"https:\/\/www.ubuntuworld.shop\/en\/wp-json\/wp\/v2\/comments?post=7241"}],"wp:featuredmedia":[{"embeddable":true,"href":"https:\/\/www.ubuntuworld.shop\/en\/wp-json\/wp\/v2\/media\/7470"}],"wp:attachment":[{"href":"https:\/\/www.ubuntuworld.shop\/en\/wp-json\/wp\/v2\/media?parent=7241"}],"curies":[{"name":"wp","href":"https:\/\/api.w.org\/{rel}","templated":true}]}}