{"id":7077,"date":"2021-08-24T21:27:23","date_gmt":"2021-08-24T19:27:23","guid":{"rendered":"https:\/\/www.ubuntuworld.shop\/produkt\/import-placeholder-for-5586937\/"},"modified":"2026-02-07T13:58:10","modified_gmt":"2026-02-07T12:58:10","slug":"purple-pyramid","status":"publish","type":"product","link":"https:\/\/www.ubuntuworld.shop\/en\/produkt\/purple-pyramid\/","title":{"rendered":"Purple Pyramid"},"content":{"rendered":"<p>Die togolesischen Batikstoffe werden in einem Ausbildungs- und Produktionszentrum in Togo hergestellt, in dem M\u00e4dchen kostenlos zu Batikerinnen und N\u00e4herinnen ausgebildet werden. In dem N\u00e4hatelier werden traditionelle Batikstoffe, aber auch Taschen, R\u00fccke, Schuhe, Etuis und andere kleine N\u00fctzlichkeiten gefertigt. Der Verkauf der Erzeugnisse tr\u00e4gt dazu bei, das durch Spenden getragene Sozialunternehmen finanziell unabh\u00e4ngig zu machen. Jedes St\u00fcck ist ein Unikat, eine Ausdrucksform seiner Produzentin und ein Kunstwerk, das im traditionellen Batikverfahren entstanden ist. Mit 25% der Einnahmen des Sozialunternehmens wird die Ausstattung von Schulen finanziert oder die kostenlose Ausbildung von M\u00e4dchen aus sozial schwachen Milieus unterst\u00fctzt, um ihre Lebensgrundlagen zu verbessern.<\/p>\n","protected":false},"excerpt":{"rendered":"<p><strong>Wundersch\u00f6ner Batikstoffe aus hochwertiger Baumwolle. Das Batiken hat in Togo eine lange Tradition. Die Stoffe bringen knallige Farben mit kreativen Designs zusammen. Das Beste: sie werden in einem Sozialunternehmen das Frauen f\u00f6rdert produziert.<\/strong><\/p>\n<p><em>Erh\u00e4ltlich ab einer Einheit von 0,5 Meter. Bitte gew\u00fcnschte Anzahl an 0,5 m Einheiten in den Warenkorb legen. Einheiten werden bis max. 5 Meter am St\u00fcck geliefert.<\/em><\/p>\n<ul>\n<li>Herkunft: Togo<\/li>\n<li>Material: mittelweiche Baumwolle (100%)<\/li>\n<li>Breite: 115 cm<\/li>\n<li>Gewicht: 126 g\/m2<\/li>\n<li>SocialSur+: Mindestens 1,00 \u20ac pro verkauften Laufmeter spenden wir an <a href=\"https:\/\/truefabrics.de\/ueber-uns\/socialsur-projekte\/\" target=\"_blank\" rel=\"noopener noreferrer\">Hilfsprojekte<\/a>.<\/li>\n<\/ul>\n<p><a href=\"https:\/\/truefabrics.de\/true-story\/lieferanten\/\">Lieferanten kennenlernen.<\/a><br \/>\n<a href=\"https:\/\/truefabrics.de\/true-story\/lieferanten\/\"><img loading=\"lazy\" class=\"alignnone size-thumbnail wp-image-5587580\" src=\"https:\/\/truefabrics.de\/wp-content\/uploads\/2018\/02\/Togo-Team-150x150.jpg\" alt=\"\" width=\"150\" height=\"150\"><\/a><\/p>\n<p><a href=\"https:\/\/truefabrics.de\/deliveryinfo\/\" target=\"_blank\" rel=\"noopener\"><\/a><\/p>\n","protected":false},"featured_media":7347,"comment_status":"open","ping_status":"closed","template":"","meta":[],"brands":[],"yoast_head":"<!-- This site is optimized with the Yoast SEO plugin v15.5 - https:\/\/yoast.com\/wordpress\/plugins\/seo\/ -->\n<title>Purple Pyramid - Ubuntu World<\/title>\n<meta name=\"robots\" content=\"index, follow, max-snippet:-1, max-image-preview:large, max-video-preview:-1\" \/>\n<link rel=\"canonical\" href=\"https:\/\/www.ubuntuworld.shop\/en\/produkt\/purple-pyramid\/\" \/>\n<meta property=\"og:locale\" content=\"en_US\" \/>\n<meta property=\"og:type\" content=\"article\" \/>\n<meta property=\"og:title\" content=\"Purple Pyramid - Ubuntu World\" \/>\n<meta property=\"og:description\" content=\"Wundersch\u00f6ner Batikstoffe aus hochwertiger Baumwolle. Das Batiken hat in Togo eine lange Tradition. Die Stoffe bringen knallige Farben mit kreativen Designs zusammen. Das Beste: sie werden in einem Sozialunternehmen das Frauen f\u00f6rdert produziert.  Erh\u00e4ltlich ab einer Einheit von 0,5 Meter. Bitte gew\u00fcnschte Anzahl an 0,5 m Einheiten in den Warenkorb legen. Einheiten werden bis max. 5 Meter am St\u00fcck geliefert.   Herkunft: Togo  Material: mittelweiche Baumwolle (100%)  Breite: 115 cm  Gewicht: 126 g\/m2  SocialSur+: Mindestens 1,00 \u20ac pro verkauften Laufmeter spenden wir an Hilfsprojekte.  Lieferanten kennenlernen.\" \/>\n<meta property=\"og:url\" content=\"https:\/\/www.ubuntuworld.shop\/produkt\/purple-pyramid\/\" \/>\n<meta property=\"og:site_name\" content=\"Ubuntu World\" \/>\n<meta property=\"article:publisher\" content=\"https:\/\/www.facebook.com\/UbuntuWorldMarketplace\" \/>\n<meta property=\"article:modified_time\" content=\"2026-02-07T12:58:10+00:00\" \/>\n<meta property=\"og:image\" content=\"https:\/\/www.ubuntuworld.shop\/wp-content\/uploads\/2021\/08\/1-155-1.jpg\" \/>\n\t<meta property=\"og:image:width\" content=\"1200\" \/>\n\t<meta property=\"og:image:height\" content=\"799\" \/>\n<meta name=\"twitter:card\" content=\"summary_large_image\" \/>\n<meta name=\"twitter:label1\" content=\"Est. reading time\">\n\t<meta name=\"twitter:data1\" content=\"0 minutes\">\n<script type=\"application\/ld+json\" class=\"yoast-schema-graph\">{\"@context\":\"https:\/\/schema.org\",\"@graph\":[{\"@type\":\"Organization\",\"@id\":\"https:\/\/www.ubuntuworld.shop\/en\/#organization\",\"name\":\"Ubuntu World\",\"url\":\"https:\/\/www.ubuntuworld.shop\/en\/\",\"sameAs\":[\"https:\/\/www.facebook.com\/UbuntuWorldMarketplace\",\"https:\/\/www.instagram.com\/ubuntuworldmarketplace\/\",\"https:\/\/www.youtube.com\/channel\/UCA-NDazMcw_Syi44JyHnyRw\"],\"logo\":{\"@type\":\"ImageObject\",\"@id\":\"https:\/\/www.ubuntuworld.shop\/en\/#logo\",\"inLanguage\":\"en-US\",\"url\":\"https:\/\/www.ubuntuworld.shop\/wp-content\/uploads\/2019\/11\/ubuntu-world-logo-wc.svg\",\"width\":603,\"height\":344,\"caption\":\"Ubuntu World\"},\"image\":{\"@id\":\"https:\/\/www.ubuntuworld.shop\/en\/#logo\"}},{\"@type\":\"WebSite\",\"@id\":\"https:\/\/www.ubuntuworld.shop\/en\/#website\",\"url\":\"https:\/\/www.ubuntuworld.shop\/en\/\",\"name\":\"Ubuntu World\",\"description\":\"Marketplace for African Products\",\"publisher\":{\"@id\":\"https:\/\/www.ubuntuworld.shop\/en\/#organization\"},\"potentialAction\":[{\"@type\":\"SearchAction\",\"target\":\"https:\/\/www.ubuntuworld.shop\/en\/?s={search_term_string}\",\"query-input\":\"required name=search_term_string\"}],\"inLanguage\":\"en-US\"},{\"@type\":\"ImageObject\",\"@id\":\"https:\/\/www.ubuntuworld.shop\/produkt\/purple-pyramid\/#primaryimage\",\"inLanguage\":\"en-US\",\"url\":\"https:\/\/www.ubuntuworld.shop\/wp-content\/uploads\/2021\/08\/1-155-1.jpg\",\"width\":1200,\"height\":799},{\"@type\":\"WebPage\",\"@id\":\"https:\/\/www.ubuntuworld.shop\/produkt\/purple-pyramid\/#webpage\",\"url\":\"https:\/\/www.ubuntuworld.shop\/produkt\/purple-pyramid\/\",\"name\":\"Purple Pyramid - Ubuntu World\",\"isPartOf\":{\"@id\":\"https:\/\/www.ubuntuworld.shop\/en\/#website\"},\"primaryImageOfPage\":{\"@id\":\"https:\/\/www.ubuntuworld.shop\/produkt\/purple-pyramid\/#primaryimage\"},\"datePublished\":\"2021-08-24T19:27:23+00:00\",\"dateModified\":\"2026-02-07T12:58:10+00:00\",\"inLanguage\":\"en-US\",\"potentialAction\":[{\"@type\":\"ReadAction\",\"target\":[\"https:\/\/www.ubuntuworld.shop\/produkt\/purple-pyramid\/\"]}]}]}<\/script>\n<!-- \/ Yoast SEO plugin. -->","_links":{"self":[{"href":"https:\/\/www.ubuntuworld.shop\/en\/wp-json\/wp\/v2\/product\/7077"}],"collection":[{"href":"https:\/\/www.ubuntuworld.shop\/en\/wp-json\/wp\/v2\/product"}],"about":[{"href":"https:\/\/www.ubuntuworld.shop\/en\/wp-json\/wp\/v2\/types\/product"}],"replies":[{"embeddable":true,"href":"https:\/\/www.ubuntuworld.shop\/en\/wp-json\/wp\/v2\/comments?post=7077"}],"wp:featuredmedia":[{"embeddable":true,"href":"https:\/\/www.ubuntuworld.shop\/en\/wp-json\/wp\/v2\/media\/7347"}],"wp:attachment":[{"href":"https:\/\/www.ubuntuworld.shop\/en\/wp-json\/wp\/v2\/media?parent=7077"}],"curies":[{"name":"wp","href":"https:\/\/api.w.org\/{rel}","templated":true}]}}