{"id":5916,"date":"2020-04-28T02:53:28","date_gmt":"2020-04-28T00:53:28","guid":{"rendered":"https:\/\/www.ubuntuworld.shop\/?post_type=product&#038;p=5916"},"modified":"2020-06-09T12:36:15","modified_gmt":"2020-06-09T10:36:15","slug":"behelfsmaske-mit-baendel-shweshwe-rot-gelb","status":"publish","type":"product","link":"https:\/\/www.ubuntuworld.shop\/en\/produkt\/behelfsmaske-mit-baendel-shweshwe-rot-gelb\/","title":{"rendered":"Behelfsmaske mit B\u00e4ndel &#8211; ShweShwe Rot &#038; Gelb"},"content":{"rendered":"<p>Eine zweifarbige, handgen\u00e4hte Behelfsmaske mit B\u00e4ndel. Du kannst diese je nach Tagesform und Outfit, von der Einen, oder der Anderen Seite anlegen.<\/p>\n<ul>\n<li><strong>Material:<\/strong> 100% Baumwolle (<a href=\"https:\/\/www.ubuntuworld.shop\/die-geschichte-des-shweshwe\/\">ShweShwe Stoff<\/a>).<\/li>\n<li><strong>Hygiene-Empfehlung:<\/strong> Die Maske kann nach dem tragen, jeweils f\u00fcr 5 Minuten, in einem Kochtopf ausgekocht werden.<\/li>\n<\/ul>\n<p><strong><span style=\"color: #ff0000;\">Hinweis<\/span>:<\/strong> Mit jeder gekauften Maske, leistest Du eine direkte Unterst\u00fctzung f\u00fcr, auf Grund von Corona, in Not geratene Menschen in\u00a0S\u00fcdafrika!<br \/>\nWeitere Informationen hierzu findest Du <a href=\"https:\/\/www.ubuntuworld.shop\/en\/produkt-kategorie\/clothing-shoes\/\/mundschutz\"><strong>hier<\/strong><\/a>.<\/p>\n<p>&nbsp;<\/p>\n<p>DISCLAIMER: Diese Maske ist kein Medizinprodukt und sch\u00fctzt nicht vor einer Infektion.<\/p>\n","protected":false},"excerpt":{"rendered":"<p>Zweifarbige Behelfsmaske mit B\u00e4ndel.<\/p>\n","protected":false},"featured_media":5923,"comment_status":"open","ping_status":"closed","template":"","meta":[],"brands":[],"yoast_head":"<!-- This site is optimized with the Yoast SEO plugin v15.5 - https:\/\/yoast.com\/wordpress\/plugins\/seo\/ -->\n<title>Behelfsmaske mit B\u00e4ndel - ShweShwe Rot &amp; Gelb - Ubuntu World<\/title>\n<meta name=\"robots\" content=\"index, follow, max-snippet:-1, max-image-preview:large, max-video-preview:-1\" \/>\n<link rel=\"canonical\" href=\"https:\/\/www.ubuntuworld.shop\/en\/produkt\/behelfsmaske-mit-baendel-shweshwe-rot-gelb\/\" \/>\n<meta property=\"og:locale\" content=\"en_US\" \/>\n<meta property=\"og:type\" content=\"article\" \/>\n<meta property=\"og:title\" content=\"Behelfsmaske mit B\u00e4ndel - ShweShwe Rot &amp; Gelb - Ubuntu World\" \/>\n<meta property=\"og:description\" content=\"Zweifarbige Behelfsmaske mit B\u00e4ndel.\" \/>\n<meta property=\"og:url\" content=\"https:\/\/www.ubuntuworld.shop\/produkt\/behelfsmaske-mit-baendel-shweshwe-rot-gelb\/\" \/>\n<meta property=\"og:site_name\" content=\"Ubuntu World\" \/>\n<meta property=\"article:publisher\" content=\"https:\/\/www.facebook.com\/UbuntuWorldMarketplace\" \/>\n<meta property=\"article:modified_time\" content=\"2020-06-09T10:36:15+00:00\" \/>\n<meta property=\"og:image\" content=\"https:\/\/www.ubuntuworld.shop\/wp-content\/uploads\/2020\/04\/Maske-ShweShwe-RotGelb_04.jpg\" \/>\n\t<meta property=\"og:image:width\" content=\"831\" \/>\n\t<meta property=\"og:image:height\" content=\"1080\" \/>\n<meta name=\"twitter:card\" content=\"summary_large_image\" \/>\n<meta name=\"twitter:label1\" content=\"Est. reading time\">\n\t<meta name=\"twitter:data1\" content=\"0 minutes\">\n<script type=\"application\/ld+json\" class=\"yoast-schema-graph\">{\"@context\":\"https:\/\/schema.org\",\"@graph\":[{\"@type\":\"Organization\",\"@id\":\"https:\/\/www.ubuntuworld.shop\/en\/#organization\",\"name\":\"Ubuntu World\",\"url\":\"https:\/\/www.ubuntuworld.shop\/en\/\",\"sameAs\":[\"https:\/\/www.facebook.com\/UbuntuWorldMarketplace\",\"https:\/\/www.instagram.com\/ubuntuworldmarketplace\/\",\"https:\/\/www.youtube.com\/channel\/UCA-NDazMcw_Syi44JyHnyRw\"],\"logo\":{\"@type\":\"ImageObject\",\"@id\":\"https:\/\/www.ubuntuworld.shop\/en\/#logo\",\"inLanguage\":\"en-US\",\"url\":\"https:\/\/www.ubuntuworld.shop\/wp-content\/uploads\/2019\/11\/ubuntu-world-logo-wc.svg\",\"width\":603,\"height\":344,\"caption\":\"Ubuntu World\"},\"image\":{\"@id\":\"https:\/\/www.ubuntuworld.shop\/en\/#logo\"}},{\"@type\":\"WebSite\",\"@id\":\"https:\/\/www.ubuntuworld.shop\/en\/#website\",\"url\":\"https:\/\/www.ubuntuworld.shop\/en\/\",\"name\":\"Ubuntu World\",\"description\":\"Marketplace for African Products\",\"publisher\":{\"@id\":\"https:\/\/www.ubuntuworld.shop\/en\/#organization\"},\"potentialAction\":[{\"@type\":\"SearchAction\",\"target\":\"https:\/\/www.ubuntuworld.shop\/en\/?s={search_term_string}\",\"query-input\":\"required name=search_term_string\"}],\"inLanguage\":\"en-US\"},{\"@type\":\"ImageObject\",\"@id\":\"https:\/\/www.ubuntuworld.shop\/produkt\/behelfsmaske-mit-baendel-shweshwe-rot-gelb\/#primaryimage\",\"inLanguage\":\"en-US\",\"url\":\"https:\/\/www.ubuntuworld.shop\/wp-content\/uploads\/2020\/04\/Maske-ShweShwe-RotGelb_04.jpg\",\"width\":831,\"height\":1080},{\"@type\":\"WebPage\",\"@id\":\"https:\/\/www.ubuntuworld.shop\/produkt\/behelfsmaske-mit-baendel-shweshwe-rot-gelb\/#webpage\",\"url\":\"https:\/\/www.ubuntuworld.shop\/produkt\/behelfsmaske-mit-baendel-shweshwe-rot-gelb\/\",\"name\":\"Behelfsmaske mit B\\u00e4ndel - ShweShwe Rot & Gelb - Ubuntu World\",\"isPartOf\":{\"@id\":\"https:\/\/www.ubuntuworld.shop\/en\/#website\"},\"primaryImageOfPage\":{\"@id\":\"https:\/\/www.ubuntuworld.shop\/produkt\/behelfsmaske-mit-baendel-shweshwe-rot-gelb\/#primaryimage\"},\"datePublished\":\"2020-04-28T00:53:28+00:00\",\"dateModified\":\"2020-06-09T10:36:15+00:00\",\"inLanguage\":\"en-US\",\"potentialAction\":[{\"@type\":\"ReadAction\",\"target\":[\"https:\/\/www.ubuntuworld.shop\/produkt\/behelfsmaske-mit-baendel-shweshwe-rot-gelb\/\"]}]}]}<\/script>\n<!-- \/ Yoast SEO plugin. -->","_links":{"self":[{"href":"https:\/\/www.ubuntuworld.shop\/en\/wp-json\/wp\/v2\/product\/5916"}],"collection":[{"href":"https:\/\/www.ubuntuworld.shop\/en\/wp-json\/wp\/v2\/product"}],"about":[{"href":"https:\/\/www.ubuntuworld.shop\/en\/wp-json\/wp\/v2\/types\/product"}],"replies":[{"embeddable":true,"href":"https:\/\/www.ubuntuworld.shop\/en\/wp-json\/wp\/v2\/comments?post=5916"}],"wp:featuredmedia":[{"embeddable":true,"href":"https:\/\/www.ubuntuworld.shop\/en\/wp-json\/wp\/v2\/media\/5923"}],"wp:attachment":[{"href":"https:\/\/www.ubuntuworld.shop\/en\/wp-json\/wp\/v2\/media?parent=5916"}],"curies":[{"name":"wp","href":"https:\/\/api.w.org\/{rel}","templated":true}]}}